{"id":2855,"date":"2025-08-30T19:23:10","date_gmt":"2025-08-30T19:23:10","guid":{"rendered":"https:\/\/giulianartprovenzale.com\/?page_id=2855"},"modified":"2026-01-21T17:54:32","modified_gmt":"2026-01-21T17:54:32","slug":"scrapbooking","status":"publish","type":"page","link":"https:\/\/giulianartprovenzale.com\/?page_id=2855","title":{"rendered":"Scrapbooking"},"content":{"rendered":"\t\t<div data-elementor-type=\"wp-page\" data-elementor-id=\"2855\" class=\"elementor elementor-2855\">\n\t\t\t\t\t\t\t\t\t<section class=\"elementor-section elementor-top-section elementor-element elementor-element-175f42a elementor-section-boxed elementor-section-height-default elementor-section-height-default\" data-id=\"175f42a\" data-element_type=\"section\">\n\t\t\t\t\t\t<div class=\"elementor-container elementor-column-gap-default\">\n\t\t\t\t\t<div class=\"elementor-column elementor-col-100 elementor-top-column elementor-element elementor-element-87b3bc7\" data-id=\"87b3bc7\" data-element_type=\"column\">\n\t\t\t<div class=\"elementor-widget-wrap elementor-element-populated\">\n\t\t\t\t\t\t\t\t<div class=\"elementor-element elementor-element-fad4a20 elementor-widget elementor-widget-heading\" data-id=\"fad4a20\" data-element_type=\"widget\" data-widget_type=\"heading.default\">\n\t\t\t\t<div class=\"elementor-widget-container\">\n\t\t\t<style>\/*! elementor - v3.10.0 - 09-01-2023 *\/\n.elementor-heading-title{padding:0;margin:0;line-height:1}.elementor-widget-heading .elementor-heading-title[class*=elementor-size-]>a{color:inherit;font-size:inherit;line-height:inherit}.elementor-widget-heading .elementor-heading-title.elementor-size-small{font-size:15px}.elementor-widget-heading .elementor-heading-title.elementor-size-medium{font-size:19px}.elementor-widget-heading .elementor-heading-title.elementor-size-large{font-size:29px}.elementor-widget-heading .elementor-heading-title.elementor-size-xl{font-size:39px}.elementor-widget-heading .elementor-heading-title.elementor-size-xxl{font-size:59px}<\/style><h3 class=\"elementor-heading-title elementor-size-default\"> Every page tells a story<\/h3>\t\t<\/div>\n\t\t\t\t<\/div>\n\t\t\t\t\t<\/div>\n\t\t<\/div>\n\t\t\t\t\t\t\t<\/div>\n\t\t<\/section>\n\t\t\t\t<section class=\"elementor-section elementor-top-section elementor-element elementor-element-efaf7f0 elementor-section-boxed elementor-section-height-default elementor-section-height-default\" data-id=\"efaf7f0\" data-element_type=\"section\">\n\t\t\t\t\t\t<div class=\"elementor-container elementor-column-gap-default\">\n\t\t\t\t\t<div class=\"elementor-column elementor-col-66 elementor-top-column elementor-element elementor-element-45c4890\" data-id=\"45c4890\" data-element_type=\"column\">\n\t\t\t<div class=\"elementor-widget-wrap elementor-element-populated\">\n\t\t\t\t\t\t\t\t<div class=\"elementor-element elementor-element-5b37461 elementor-widget elementor-widget-image\" data-id=\"5b37461\" data-element_type=\"widget\" data-widget_type=\"image.default\">\n\t\t\t\t<div class=\"elementor-widget-container\">\n\t\t\t<style>\/*! elementor - v3.10.0 - 09-01-2023 *\/\n.elementor-widget-image{text-align:center}.elementor-widget-image a{display:inline-block}.elementor-widget-image a img[src$=\".svg\"]{width:48px}.elementor-widget-image img{vertical-align:middle;display:inline-block}<\/style>\t\t\t\t\t\t\t\t\t\t\t\t<img loading=\"lazy\" decoding=\"async\" width=\"800\" height=\"420\" src=\"https:\/\/giulianartprovenzale.com\/wp-content\/uploads\/2026\/01\/Scrapbooking-1024x538.webp\" class=\"attachment-large size-large wp-image-3961\" alt=\"Album scrapbooking fatto a mano anche personalizzato, rilegatura artigianale e materiali di pregio. GiulianArt\" srcset=\"https:\/\/giulianartprovenzale.com\/wp-content\/uploads\/2026\/01\/Scrapbooking-1024x538.webp 1024w, https:\/\/giulianartprovenzale.com\/wp-content\/uploads\/2026\/01\/Scrapbooking-300x158.webp 300w, https:\/\/giulianartprovenzale.com\/wp-content\/uploads\/2026\/01\/Scrapbooking-768x403.webp 768w, https:\/\/giulianartprovenzale.com\/wp-content\/uploads\/2026\/01\/Scrapbooking.webp 1200w\" sizes=\"auto, (max-width: 800px) 100vw, 800px\" \/>\t\t\t\t\t\t\t\t\t\t\t\t\t\t\t<\/div>\n\t\t\t\t<\/div>\n\t\t\t\t\t<\/div>\n\t\t<\/div>\n\t\t\t\t<div class=\"elementor-column elementor-col-33 elementor-top-column elementor-element elementor-element-86b6a65\" data-id=\"86b6a65\" data-element_type=\"column\">\n\t\t\t<div class=\"elementor-widget-wrap elementor-element-populated\">\n\t\t\t\t\t\t\t\t<div class=\"elementor-element elementor-element-81d4688 elementor-widget elementor-widget-text-editor\" data-id=\"81d4688\" data-element_type=\"widget\" data-widget_type=\"text-editor.default\">\n\t\t\t\t<div class=\"elementor-widget-container\">\n\t\t\t<style>\/*! elementor - v3.10.0 - 09-01-2023 *\/\n.elementor-widget-text-editor.elementor-drop-cap-view-stacked .elementor-drop-cap{background-color:#818a91;color:#fff}.elementor-widget-text-editor.elementor-drop-cap-view-framed .elementor-drop-cap{color:#818a91;border:3px solid;background-color:transparent}.elementor-widget-text-editor:not(.elementor-drop-cap-view-default) .elementor-drop-cap{margin-top:8px}.elementor-widget-text-editor:not(.elementor-drop-cap-view-default) .elementor-drop-cap-letter{width:1em;height:1em}.elementor-widget-text-editor .elementor-drop-cap{float:left;text-align:center;line-height:1;font-size:50px}.elementor-widget-text-editor .elementor-drop-cap-letter{display:inline-block}<\/style>\t\t\t\t<p>\u00a0<\/p><p>\u00a0<\/p><p><span style=\"font-family: Calibri, sans-serif;\">Lo <b>scrapbooking<\/b> \u00e8 molto pi\u00f9 di un semplice hobby: \u00e8 un modo unico per preservare i tuoi <strong>ricordi<\/strong> pi\u00f9 preziosi, trasformandoli in opere d&#8217;arte personalizzate. In un mondo sempre pi\u00f9 digitale, toccare con mano la <strong>carta, i colori<\/strong> e le consistenze ci permette di dare esprimere le nostre <strong>emozioni.<\/strong><\/span><\/p><p><span style=\"font-family: Calibri, sans-serif;\">Che tu sia un<strong> principiante<\/strong> curioso o un <strong>esperto creativo<\/strong>, qui troverai l&#8217;ispirazione e gli strumenti per <strong>raccontare la tua storia<\/strong>, una pagina alla volta.<\/span><\/p>\t\t\t\t\t\t<\/div>\n\t\t\t\t<\/div>\n\t\t\t\t\t<\/div>\n\t\t<\/div>\n\t\t\t\t\t\t\t<\/div>\n\t\t<\/section>\n\t\t\t\t<section class=\"elementor-section elementor-top-section elementor-element elementor-element-b393bf7 elementor-section-boxed elementor-section-height-default elementor-section-height-default\" data-id=\"b393bf7\" data-element_type=\"section\">\n\t\t\t\t\t\t<div class=\"elementor-container elementor-column-gap-default\">\n\t\t\t\t\t<div class=\"elementor-column elementor-col-50 elementor-top-column elementor-element elementor-element-d3ee626\" data-id=\"d3ee626\" data-element_type=\"column\">\n\t\t\t<div class=\"elementor-widget-wrap elementor-element-populated\">\n\t\t\t\t\t\t\t\t<div class=\"elementor-element elementor-element-5c6acf7 elementor-widget elementor-widget-heading\" data-id=\"5c6acf7\" data-element_type=\"widget\" data-widget_type=\"heading.default\">\n\t\t\t\t<div class=\"elementor-widget-container\">\n\t\t\t<h2 class=\"elementor-heading-title elementor-size-default\">Nuovi album in preparazione <\/h2>\t\t<\/div>\n\t\t\t\t<\/div>\n\t\t\t\t\t<\/div>\n\t\t<\/div>\n\t\t\t\t<div class=\"elementor-column elementor-col-50 elementor-top-column elementor-element elementor-element-5706a9e\" data-id=\"5706a9e\" data-element_type=\"column\">\n\t\t\t<div class=\"elementor-widget-wrap elementor-element-populated\">\n\t\t\t\t\t\t\t\t<div class=\"elementor-element elementor-element-f6334a0 elementor-align-left elementor-widget elementor-widget-button\" data-id=\"f6334a0\" data-element_type=\"widget\" data-widget_type=\"button.default\">\n\t\t\t\t<div class=\"elementor-widget-container\">\n\t\t\t\t\t<div class=\"elementor-button-wrapper\">\n\t\t\t<a href=\"https:\/\/giulianartprovenzale.com\/?page_id=2699\" class=\"elementor-button-link elementor-button elementor-size-sm\" role=\"button\">\n\t\t\t\t\t\t<span class=\"elementor-button-content-wrapper\">\n\t\t\t\t\t\t<span class=\"elementor-button-text\">CONTATTAMI<\/span>\n\t\t<\/span>\n\t\t\t\t\t<\/a>\n\t\t<\/div>\n\t\t\t\t<\/div>\n\t\t\t\t<\/div>\n\t\t\t\t\t<\/div>\n\t\t<\/div>\n\t\t\t\t\t\t\t<\/div>\n\t\t<\/section>\n\t\t\t\t<section class=\"elementor-section elementor-top-section elementor-element elementor-element-c8f68b5 elementor-section-boxed elementor-section-height-default elementor-section-height-default\" data-id=\"c8f68b5\" data-element_type=\"section\">\n\t\t\t\t\t\t<div class=\"elementor-container elementor-column-gap-default\">\n\t\t\t\t\t<div class=\"elementor-column elementor-col-100 elementor-top-column elementor-element elementor-element-cd6f43c\" data-id=\"cd6f43c\" data-element_type=\"column\">\n\t\t\t<div class=\"elementor-widget-wrap elementor-element-populated\">\n\t\t\t\t\t\t\t\t<div class=\"elementor-element elementor-element-6ca4665 elementor-grid-5 elementor-grid-tablet-2 elementor-grid-mobile-1 elementor-posts--thumbnail-top elementor-widget elementor-widget-posts\" data-id=\"6ca4665\" data-element_type=\"widget\" data-settings=\"{&quot;classic_columns&quot;:&quot;5&quot;,&quot;classic_columns_tablet&quot;:&quot;2&quot;,&quot;classic_columns_mobile&quot;:&quot;1&quot;,&quot;classic_row_gap&quot;:{&quot;unit&quot;:&quot;px&quot;,&quot;size&quot;:35,&quot;sizes&quot;:[]},&quot;classic_row_gap_tablet&quot;:{&quot;unit&quot;:&quot;px&quot;,&quot;size&quot;:&quot;&quot;,&quot;sizes&quot;:[]},&quot;classic_row_gap_mobile&quot;:{&quot;unit&quot;:&quot;px&quot;,&quot;size&quot;:&quot;&quot;,&quot;sizes&quot;:[]}}\" data-widget_type=\"posts.classic\">\n\t\t\t\t<div class=\"elementor-widget-container\">\n\t\t\t<link rel=\"stylesheet\" href=\"https:\/\/giulianartprovenzale.com\/wp-content\/plugins\/elementor-pro\/assets\/css\/widget-posts.min.css\">\t\t<div class=\"elementor-posts-container elementor-posts elementor-posts--skin-classic elementor-grid\">\n\t\t\t\t<article class=\"elementor-post elementor-grid-item post-4893 post type-post status-publish format-standard has-post-thumbnail hentry category-scrapbooking tag-scrapbooking\">\n\t\t\t\t<a class=\"elementor-post__thumbnail__link\" href=\"https:\/\/giulianartprovenzale.com\/?p=4893\" >\n\t\t\t<div class=\"elementor-post__thumbnail\"><img loading=\"lazy\" decoding=\"async\" width=\"300\" height=\"249\" src=\"https:\/\/giulianartprovenzale.com\/wp-content\/uploads\/2026\/02\/N24_2018_-danza1_6_11zon-300x249.webp\" class=\"attachment-medium size-medium wp-image-4926\" alt=\"\" srcset=\"https:\/\/giulianartprovenzale.com\/wp-content\/uploads\/2026\/02\/N24_2018_-danza1_6_11zon-300x249.webp 300w, https:\/\/giulianartprovenzale.com\/wp-content\/uploads\/2026\/02\/N24_2018_-danza1_6_11zon-1024x849.webp 1024w, https:\/\/giulianartprovenzale.com\/wp-content\/uploads\/2026\/02\/N24_2018_-danza1_6_11zon-768x637.webp 768w, https:\/\/giulianartprovenzale.com\/wp-content\/uploads\/2026\/02\/N24_2018_-danza1_6_11zon-1536x1274.webp 1536w, https:\/\/giulianartprovenzale.com\/wp-content\/uploads\/2026\/02\/N24_2018_-danza1_6_11zon.webp 2000w\" sizes=\"auto, (max-width: 300px) 100vw, 300px\" \/><\/div>\n\t\t<\/a>\n\t\t\t\t<div class=\"elementor-post__text\">\n\t\t\t\t<h2 class=\"elementor-post__title\">\n\t\t\t<a href=\"https:\/\/giulianartprovenzale.com\/?p=4893\" >\n\t\t\t\tAlbum per bambini con carta da parati: Sfumature d&#8217;Infanzia\t\t\t<\/a>\n\t\t<\/h2>\n\t\t\t\t<div class=\"elementor-post__meta-data\">\n\t\t\t\t\t<span class=\"elementor-post-date\">\n\t\t\tFebruary 15, 2026\t\t<\/span>\n\t\t\t\t<span class=\"elementor-post-avatar\">\n\t\t\tNo Comments\t\t<\/span>\n\t\t\t\t<\/div>\n\t\t\t\t<div class=\"elementor-post__excerpt\">\n\t\t\t<p>Ho recuperato queste superfici preziose per trasformarle nel guscio dei tuoi ricordi. Non \u00e8 solo un album: \u00e8 un pezzo di design che ha deciso di non essere scarto, ma protagonista.<\/p>\n\t\t<\/div>\n\t\t\n\t\t<a class=\"elementor-post__read-more\" href=\"https:\/\/giulianartprovenzale.com\/?p=4893\" >\n\t\t\tRead More \u00bb\t\t<\/a>\n\n\t\t\t\t<\/div>\n\t\t\t\t<\/article>\n\t\t\t\t<article class=\"elementor-post elementor-grid-item post-4884 post type-post status-publish format-standard has-post-thumbnail hentry category-scrapbooking tag-scrapbooking\">\n\t\t\t\t<a class=\"elementor-post__thumbnail__link\" href=\"https:\/\/giulianartprovenzale.com\/?p=4884\" >\n\t\t\t<div class=\"elementor-post__thumbnail\"><img loading=\"lazy\" decoding=\"async\" width=\"200\" height=\"300\" src=\"https:\/\/giulianartprovenzale.com\/wp-content\/uploads\/2026\/02\/GR28380-200x300.webp\" class=\"attachment-medium size-medium wp-image-4882\" alt=\"Album con carta da parati rosso e nero\" srcset=\"https:\/\/giulianartprovenzale.com\/wp-content\/uploads\/2026\/02\/GR28380-200x300.webp 200w, https:\/\/giulianartprovenzale.com\/wp-content\/uploads\/2026\/02\/GR28380-683x1024.webp 683w, https:\/\/giulianartprovenzale.com\/wp-content\/uploads\/2026\/02\/GR28380.webp 720w\" sizes=\"auto, (max-width: 200px) 100vw, 200px\" \/><\/div>\n\t\t<\/a>\n\t\t\t\t<div class=\"elementor-post__text\">\n\t\t\t\t<h2 class=\"elementor-post__title\">\n\t\t\t<a href=\"https:\/\/giulianartprovenzale.com\/?p=4884\" >\n\t\t\t\tIl rosso per la passione, il nero per l&#8217;eleganza\t\t\t<\/a>\n\t\t<\/h2>\n\t\t\t\t<div class=\"elementor-post__meta-data\">\n\t\t\t\t\t<span class=\"elementor-post-date\">\n\t\t\tFebruary 15, 2026\t\t<\/span>\n\t\t\t\t<span class=\"elementor-post-avatar\">\n\t\t\tNo Comments\t\t<\/span>\n\t\t\t\t<\/div>\n\t\t\t\t<div class=\"elementor-post__excerpt\">\n\t\t\t<p>Ho recuperato queste superfici preziose per trasformarle nel guscio dei tuoi ricordi. Non \u00e8 solo un album: \u00e8 un pezzo di design che ha deciso di non essere scarto, ma protagonista.<\/p>\n\t\t<\/div>\n\t\t\n\t\t<a class=\"elementor-post__read-more\" href=\"https:\/\/giulianartprovenzale.com\/?p=4884\" >\n\t\t\tRead More \u00bb\t\t<\/a>\n\n\t\t\t\t<\/div>\n\t\t\t\t<\/article>\n\t\t\t\t<article class=\"elementor-post elementor-grid-item post-2835 post type-post status-publish format-standard has-post-thumbnail hentry category-scrapbooking tag-album tag-scrapbooking\">\n\t\t\t\t<a class=\"elementor-post__thumbnail__link\" href=\"https:\/\/giulianartprovenzale.com\/?p=2835\" >\n\t\t\t<div class=\"elementor-post__thumbnail\"><img loading=\"lazy\" decoding=\"async\" width=\"300\" height=\"297\" src=\"https:\/\/giulianartprovenzale.com\/wp-content\/uploads\/2026\/02\/2017_mag_18\u00b0scrapbooking-alessia-1-300x297.webp\" class=\"attachment-medium size-medium wp-image-4676\" alt=\"\" srcset=\"https:\/\/giulianartprovenzale.com\/wp-content\/uploads\/2026\/02\/2017_mag_18\u00b0scrapbooking-alessia-1-300x297.webp 300w, https:\/\/giulianartprovenzale.com\/wp-content\/uploads\/2026\/02\/2017_mag_18\u00b0scrapbooking-alessia-1-1024x1014.webp 1024w, https:\/\/giulianartprovenzale.com\/wp-content\/uploads\/2026\/02\/2017_mag_18\u00b0scrapbooking-alessia-1-150x150.webp 150w, https:\/\/giulianartprovenzale.com\/wp-content\/uploads\/2026\/02\/2017_mag_18\u00b0scrapbooking-alessia-1-768x760.webp 768w, https:\/\/giulianartprovenzale.com\/wp-content\/uploads\/2026\/02\/2017_mag_18\u00b0scrapbooking-alessia-1.webp 1091w\" sizes=\"auto, (max-width: 300px) 100vw, 300px\" \/><\/div>\n\t\t<\/a>\n\t\t\t\t<div class=\"elementor-post__text\">\n\t\t\t\t<h2 class=\"elementor-post__title\">\n\t\t\t<a href=\"https:\/\/giulianartprovenzale.com\/?p=2835\" >\n\t\t\t\tTrasforma i tuoi ricordi in opere d&#8217;arte uniche con lo Scrapbooking\t\t\t<\/a>\n\t\t<\/h2>\n\t\t\t\t<div class=\"elementor-post__meta-data\">\n\t\t\t\t\t<span class=\"elementor-post-date\">\n\t\t\tAugust 30, 2025\t\t<\/span>\n\t\t\t\t<span class=\"elementor-post-avatar\">\n\t\t\tNo Comments\t\t<\/span>\n\t\t\t\t<\/div>\n\t\t\t\t<div class=\"elementor-post__excerpt\">\n\t\t\t<p>Le tue foto meritano una storia, non una scatola. ><br \/>\nLo Scrapbooking ti permette di liberare i tuoi ricordi dai file digitali per trasformarli in album unici e tattili. Inizia a creare oggi: dai vita ai tuoi traguardi e ai tuoi viaggi con creativit\u00e0 e passione.<\/p>\n\t\t<\/div>\n\t\t\n\t\t<a class=\"elementor-post__read-more\" href=\"https:\/\/giulianartprovenzale.com\/?p=2835\" >\n\t\t\tRead More \u00bb\t\t<\/a>\n\n\t\t\t\t<\/div>\n\t\t\t\t<\/article>\n\t\t\t\t<article class=\"elementor-post elementor-grid-item post-2331 post type-post status-publish format-standard has-post-thumbnail hentry category-scrapbooking tag-carta-da-parati tag-scrapbooking\">\n\t\t\t\t<a class=\"elementor-post__thumbnail__link\" href=\"https:\/\/giulianartprovenzale.com\/?p=2331\" >\n\t\t\t<div class=\"elementor-post__thumbnail\"><img loading=\"lazy\" decoding=\"async\" width=\"300\" height=\"281\" src=\"https:\/\/giulianartprovenzale.com\/wp-content\/uploads\/2026\/02\/2020_N19_album-perline-fiori-2-300x281.jpg\" class=\"attachment-medium size-medium wp-image-4718\" alt=\"Dettaglio interno quaderno con carta da parati e carta riciclata\" srcset=\"https:\/\/giulianartprovenzale.com\/wp-content\/uploads\/2026\/02\/2020_N19_album-perline-fiori-2-300x281.jpg 300w, https:\/\/giulianartprovenzale.com\/wp-content\/uploads\/2026\/02\/2020_N19_album-perline-fiori-2.jpg 720w\" sizes=\"auto, (max-width: 300px) 100vw, 300px\" \/><\/div>\n\t\t<\/a>\n\t\t\t\t<div class=\"elementor-post__text\">\n\t\t\t\t<h2 class=\"elementor-post__title\">\n\t\t\t<a href=\"https:\/\/giulianartprovenzale.com\/?p=2331\" >\n\t\t\t\tQuaderni e non solo con Carta da Parati per Scrapbooking\t\t\t<\/a>\n\t\t<\/h2>\n\t\t\t\t<div class=\"elementor-post__meta-data\">\n\t\t\t\t\t<span class=\"elementor-post-date\">\n\t\t\tAugust 11, 2025\t\t<\/span>\n\t\t\t\t<span class=\"elementor-post-avatar\">\n\t\t\tNo Comments\t\t<\/span>\n\t\t\t\t<\/div>\n\t\t\t\t<div class=\"elementor-post__excerpt\">\n\t\t\t<p>Scopri come la carta da parati si trasforma in quaderni artigianali. Un connubio perfetto tra design contemporaneo e sostenibilit\u00e0, con copertine uniche decorate con materiali di recupero e pagine dipinte a mano. Ogni pezzo racconta una storia: la tua.<\/p>\n\t\t<\/div>\n\t\t\n\t\t<a class=\"elementor-post__read-more\" href=\"https:\/\/giulianartprovenzale.com\/?p=2331\" >\n\t\t\tRead More \u00bb\t\t<\/a>\n\n\t\t\t\t<\/div>\n\t\t\t\t<\/article>\n\t\t\t\t<\/div>\n\n\n\t\t\n\t\t\t\t<\/div>\n\t\t\t\t<\/div>\n\t\t\t\t\t<\/div>\n\t\t<\/div>\n\t\t\t\t\t\t\t<\/div>\n\t\t<\/section>\n\t\t\t\t<section class=\"elementor-section elementor-top-section elementor-element elementor-element-3beb9fb elementor-section-boxed elementor-section-height-default elementor-section-height-default\" data-id=\"3beb9fb\" data-element_type=\"section\">\n\t\t\t\t\t\t<div class=\"elementor-container elementor-column-gap-default\">\n\t\t\t\t\t<div class=\"elementor-column elementor-col-100 elementor-top-column elementor-element elementor-element-496f1e2\" data-id=\"496f1e2\" data-element_type=\"column\">\n\t\t\t<div class=\"elementor-widget-wrap elementor-element-populated\">\n\t\t\t\t\t\t\t\t\t<\/div>\n\t\t<\/div>\n\t\t\t\t\t\t\t<\/div>\n\t\t<\/section>\n\t\t\t\t\t\t\t<\/div>\n\t\t","protected":false},"excerpt":{"rendered":"<p>Every page tells a story \u00a0 \u00a0 Lo scrapbooking \u00e8 molto pi\u00f9 di un semplice hobby: \u00e8 un modo unico per preservare i tuoi ricordi pi\u00f9 preziosi, trasformandoli in opere d&#8217;arte personalizzate. In un mondo sempre pi\u00f9 digitale, toccare con mano la carta, i colori e le consistenze ci permette di dare esprimere le nostre [&hellip;]<\/p>\n","protected":false},"author":1,"featured_media":0,"parent":2990,"menu_order":0,"comment_status":"closed","ping_status":"closed","template":"","meta":{"_monsterinsights_skip_tracking":false,"_monsterinsights_sitenote_active":false,"_monsterinsights_sitenote_note":"","_monsterinsights_sitenote_category":0,"footnotes":""},"class_list":["post-2855","page","type-page","status-publish","hentry"],"aioseo_notices":[],"_links":{"self":[{"href":"https:\/\/giulianartprovenzale.com\/index.php?rest_route=\/wp\/v2\/pages\/2855","targetHints":{"allow":["GET"]}}],"collection":[{"href":"https:\/\/giulianartprovenzale.com\/index.php?rest_route=\/wp\/v2\/pages"}],"about":[{"href":"https:\/\/giulianartprovenzale.com\/index.php?rest_route=\/wp\/v2\/types\/page"}],"author":[{"embeddable":true,"href":"https:\/\/giulianartprovenzale.com\/index.php?rest_route=\/wp\/v2\/users\/1"}],"replies":[{"embeddable":true,"href":"https:\/\/giulianartprovenzale.com\/index.php?rest_route=%2Fwp%2Fv2%2Fcomments&post=2855"}],"version-history":[{"count":44,"href":"https:\/\/giulianartprovenzale.com\/index.php?rest_route=\/wp\/v2\/pages\/2855\/revisions"}],"predecessor-version":[{"id":3982,"href":"https:\/\/giulianartprovenzale.com\/index.php?rest_route=\/wp\/v2\/pages\/2855\/revisions\/3982"}],"up":[{"embeddable":true,"href":"https:\/\/giulianartprovenzale.com\/index.php?rest_route=\/wp\/v2\/pages\/2990"}],"wp:attachment":[{"href":"https:\/\/giulianartprovenzale.com\/index.php?rest_route=%2Fwp%2Fv2%2Fmedia&parent=2855"}],"curies":[{"name":"wp","href":"https:\/\/api.w.org\/{rel}","templated":true}]}}